{"id":12,"date":"2021-03-29T18:01:07","date_gmt":"2021-03-29T18:01:07","guid":{"rendered":"https:\/\/orodjarstvobevk-novaki.si\/?page_id=12"},"modified":"2025-01-28T09:09:03","modified_gmt":"2025-01-28T09:09:03","slug":"domov","status":"publish","type":"page","link":"https:\/\/orodjarstvobevk-novaki.si\/","title":{"rendered":"Domov"},"content":{"rendered":"<p>[et_pb_section fb_built=&#8221;1&#8243; fullwidth=&#8221;on&#8221; _builder_version=&#8221;4.9.2&#8243; _module_preset=&#8221;default&#8221; background_video_mp4=&#8221;https:\/\/orodjarstvobevk-novaki.si\/wp-content\/uploads\/2021\/04\/WP_20130713_003-copy.mp4&#8243;][et_pb_fullwidth_header title=&#8221;Specialno bru\u0161enje unikatnih delov. &#8221; subhead=&#8221;V podjetju Orodjarstvo Bevk se specializiramo za okroglo bru\u0161enje in ploskovno bru\u0161enje.&#8221; text_orientation=&#8221;center&#8221; header_fullscreen=&#8221;on&#8221; header_scroll_down=&#8221;on&#8221; scroll_down_icon=&#8221;%%0%%&#8221; scroll_down_icon_size=&#8221;52px&#8221; logo_image_url=&#8221;https:\/\/orodjarstvobevk-novaki.si\/wp-content\/uploads\/2021\/04\/OrodjarstvoBevk_Logo_front.png&#8221; _builder_version=&#8221;4.9.2&#8243; _module_preset=&#8221;default&#8221; title_font=&#8221;|300|||||||&#8221; title_font_size=&#8221;44px&#8221; title_line_height=&#8221;1.3em&#8221; content_font_size=&#8221;16px&#8221; content_letter_spacing=&#8221;2px&#8221; background_color=&#8221;RGBA(0,0,0,0)&#8221; use_background_color_gradient=&#8221;on&#8221; background_color_gradient_start=&#8221;rgba(35,35,35,0.31)&#8221; background_color_gradient_end=&#8221;rgba(0,58,99,0.9)&#8221; background_color_gradient_start_position=&#8221;42%&#8221; background_enable_image=&#8221;off&#8221; title_text_shadow_style=&#8221;preset1&#8243; title_text_shadow_horizontal_length=&#8221;-0.09em&#8221;][\/et_pb_fullwidth_header][\/et_pb_section][et_pb_section fb_built=&#8221;1&#8243; _builder_version=&#8221;4.9.2&#8243; _module_preset=&#8221;default&#8221; background_enable_image=&#8221;off&#8221;][et_pb_row _builder_version=&#8221;4.9.2&#8243; _module_preset=&#8221;default&#8221;][et_pb_column type=&#8221;4_4&#8243; _builder_version=&#8221;4.9.2&#8243; _module_preset=&#8221;default&#8221;][et_pb_text _builder_version=&#8221;4.9.2&#8243; _module_preset=&#8221;default&#8221; text_text_color=&#8221;#002560&#8243; text_font_size=&#8221;24px&#8221;]<\/p>\n<p style=\"text-align: center;\">Podjetja ki nam zaupajo:<\/p>\n<p>[\/et_pb_text][\/et_pb_column][\/et_pb_row][et_pb_row _builder_version=&#8221;4.9.2&#8243; _module_preset=&#8221;default&#8221;][et_pb_column type=&#8221;4_4&#8243; _builder_version=&#8221;4.9.2&#8243; _module_preset=&#8221;default&#8221;][et_pb_image src=&#8221;https:\/\/orodjarstvobevk-novaki.si\/wp-content\/uploads\/2021\/05\/OrodjarstvoBevk_Logo_partnerji02.jpg&#8221; title_text=&#8221;OrodjarstvoBevk_Logo_partnerji02&#8243; _builder_version=&#8221;4.9.2&#8243; _module_preset=&#8221;default&#8221;][\/et_pb_image][\/et_pb_column][\/et_pb_row][\/et_pb_section][et_pb_section fb_built=&#8221;1&#8243; _builder_version=&#8221;4.9.2&#8243; _module_preset=&#8221;default&#8221; background_color=&#8221;#1c1c1c&#8221;][et_pb_row _builder_version=&#8221;4.9.2&#8243; _module_preset=&#8221;default&#8221; hover_enabled=&#8221;0&#8243; sticky_enabled=&#8221;0&#8243;][et_pb_column type=&#8221;4_4&#8243; _builder_version=&#8221;4.9.2&#8243; _module_preset=&#8221;default&#8221;][et_pb_text _builder_version=&#8221;4.9.2&#8243; _module_preset=&#8221;default&#8221; text_text_color=&#8221;#FFFFFF&#8221; background_color=&#8221;RGBA(0,0,0,0)&#8221; hover_enabled=&#8221;0&#8243; sticky_enabled=&#8221;0&#8243;]<\/p>\n<p style=\"text-align: center;\"><strong>UB d.o.o.<br \/><\/strong><span>Dolenji Novaki 14A,<br \/>5282 Cerkno, Slovenija<br \/>e-po\u0161ta: <strong><a href=\"mailto:urban.bevk@gmail.com\">urban.bevk@gmail.com<\/a><\/strong><br \/><\/span>GSM: <strong>+386 (0)40 233 123<\/strong><\/p>\n<p>[\/et_pb_text][\/et_pb_column][\/et_pb_row][et_pb_row _builder_version=&#8221;4.9.2&#8243; _module_preset=&#8221;default&#8221;][et_pb_column type=&#8221;4_4&#8243; _builder_version=&#8221;4.9.2&#8243; _module_preset=&#8221;default&#8221;][et_pb_number_counter title=&#8221;U\u010cINKOVITOST&#8221; number=&#8221;100&#8243; _builder_version=&#8221;4.9.2&#8243; _module_preset=&#8221;default&#8221; title_letter_spacing=&#8221;2px&#8221; number_text_color=&#8221;#ffffff&#8221; background_layout=&#8221;dark&#8221;][\/et_pb_number_counter][\/et_pb_column][\/et_pb_row][\/et_pb_section]<\/p>\n","protected":false},"excerpt":{"rendered":"<p>[et_pb_section fb_built=&#8221;1&#8243; fullwidth=&#8221;on&#8221; _builder_version=&#8221;4.9.2&#8243; _module_preset=&#8221;default&#8221; background_video_mp4=&#8221;https:\/\/orodjarstvobevk-novaki.si\/wp-content\/uploads\/2021\/04\/WP_20130713_003-copy.mp4&#8243;][et_pb_fullwidth_header title=&#8221;Specialno bru\u0161enje unikatnih delov. &#8221; subhead=&#8221;V podjetju Orodjarstvo Bevk se specializiramo za okroglo bru\u0161enje in ploskovno bru\u0161enje.&#8221; text_orientation=&#8221;center&#8221; header_fullscreen=&#8221;on&#8221; header_scroll_down=&#8221;on&#8221; scroll_down_icon=&#8221;%%0%%&#8221; scroll_down_icon_size=&#8221;52px&#8221; logo_image_url=&#8221;https:\/\/orodjarstvobevk-novaki.si\/wp-content\/uploads\/2021\/04\/OrodjarstvoBevk_Logo_front.png&#8221; _builder_version=&#8221;4.9.2&#8243; _module_preset=&#8221;default&#8221; title_font=&#8221;|300|||||||&#8221; title_font_size=&#8221;44px&#8221; title_line_height=&#8221;1.3em&#8221; content_font_size=&#8221;16px&#8221; content_letter_spacing=&#8221;2px&#8221; background_color=&#8221;RGBA(0,0,0,0)&#8221; use_background_color_gradient=&#8221;on&#8221; background_color_gradient_start=&#8221;rgba(35,35,35,0.31)&#8221; background_color_gradient_end=&#8221;rgba(0,58,99,0.9)&#8221; background_color_gradient_start_position=&#8221;42%&#8221; background_enable_image=&#8221;off&#8221; title_text_shadow_style=&#8221;preset1&#8243; title_text_shadow_horizontal_length=&#8221;-0.09em&#8221;][\/et_pb_fullwidth_header][\/et_pb_section][et_pb_section fb_built=&#8221;1&#8243; _builder_version=&#8221;4.9.2&#8243; _module_preset=&#8221;default&#8221; background_enable_image=&#8221;off&#8221;][et_pb_row _builder_version=&#8221;4.9.2&#8243; _module_preset=&#8221;default&#8221;][et_pb_column type=&#8221;4_4&#8243; _builder_version=&#8221;4.9.2&#8243; _module_preset=&#8221;default&#8221;][et_pb_text _builder_version=&#8221;4.9.2&#8243; _module_preset=&#8221;default&#8221; [&hellip;]<\/p>\n","protected":false},"author":2,"featured_media":0,"parent":0,"menu_order":0,"comment_status":"closed","ping_status":"closed","template":"","meta":{"_et_pb_use_builder":"on","_et_pb_old_content":"","_et_gb_content_width":"","footnotes":""},"class_list":["post-12","page","type-page","status-publish","hentry"],"_links":{"self":[{"href":"https:\/\/orodjarstvobevk-novaki.si\/index.php\/wp-json\/wp\/v2\/pages\/12","targetHints":{"allow":["GET"]}}],"collection":[{"href":"https:\/\/orodjarstvobevk-novaki.si\/index.php\/wp-json\/wp\/v2\/pages"}],"about":[{"href":"https:\/\/orodjarstvobevk-novaki.si\/index.php\/wp-json\/wp\/v2\/types\/page"}],"author":[{"embeddable":true,"href":"https:\/\/orodjarstvobevk-novaki.si\/index.php\/wp-json\/wp\/v2\/users\/2"}],"replies":[{"embeddable":true,"href":"https:\/\/orodjarstvobevk-novaki.si\/index.php\/wp-json\/wp\/v2\/comments?post=12"}],"version-history":[{"count":13,"href":"https:\/\/orodjarstvobevk-novaki.si\/index.php\/wp-json\/wp\/v2\/pages\/12\/revisions"}],"predecessor-version":[{"id":81,"href":"https:\/\/orodjarstvobevk-novaki.si\/index.php\/wp-json\/wp\/v2\/pages\/12\/revisions\/81"}],"wp:attachment":[{"href":"https:\/\/orodjarstvobevk-novaki.si\/index.php\/wp-json\/wp\/v2\/media?parent=12"}],"curies":[{"name":"wp","href":"https:\/\/api.w.org\/{rel}","templated":true}]}}